{"id":594,"date":"2024-07-04T23:19:13","date_gmt":"2024-07-04T23:19:13","guid":{"rendered":"https:\/\/tarotmar.es\/?page_id=594"},"modified":"2025-04-07T07:54:09","modified_gmt":"2025-04-07T07:54:09","slug":"politica-de-privacidad","status":"publish","type":"page","link":"https:\/\/tarotmar.es\/index.php\/politica-de-privacidad\/","title":{"rendered":"Pol\u00edtica de privacidad"},"content":{"rendered":"\n<div class=\"wp-block-group\"><div class=\"wp-block-group__inner-container is-layout-constrained wp-block-group-is-layout-constrained\">\n<p><strong>En aplicaci\u00f3n de las obligaciones que se definen en la legislaci\u00f3n vigente, sobre los servicios de la sociedad de la informaci\u00f3n y comercio electr\u00f3nico, as\u00ed como la normativa sobre Protecci\u00f3n de datos de car\u00e1cter personal. Le informamos que los propietarios de esta web,&nbsp;<\/strong>han confeccionado la presente pol\u00edtica de privacidad con el objetivo de regular y estructurar el tratamiento de sus datos de car\u00e1cter personal y proporcionar a los usuarios, la informaci\u00f3n adecuada acerca de estas actividades, se\u00f1alando lo siguiente:<\/p>\n\n\n\n<p><strong>tarotmar.es<\/strong>\u00a0es una marca comercial de la entidad Aura Consulting, propiedad de Jennifer L\u00f3pez Costas, con C.I.F., 39458822E, RESPONSABLE del tratamiento de datos personales de los USUARIOS que visitan esta web, as\u00ed como de los tratamientos de datos personales derivados de las actividades que se anuncian en la misma, como resultado de formalizar una relaci\u00f3n contractual o precontractual como cliente o como persona interesada en alguno de nuestros contenidos. De este modo, trataremos sus datos personales, de acuerdo con lo dispuesto en el Reglamento (UE) 2016\/679, de 27 de abril (GDPR), y la Ley Org\u00e1nica 3\/2018, de 5 de diciembre (LOPDGDD).<\/p>\n\n\n\n<p><strong>FINALIDAD:<\/strong><strong><\/strong><\/p>\n\n\n\n<p>La finalidad principal de&nbsp;<strong>AURA CONSULTING, es la de prestarles un servicio, que en muchos casos ha servido de ayuda en el crecimiento personal y espiritual de las personas que lo contratan, e<\/strong>stableciendo una relaci\u00f3n contractual o precontractual con los usuarios de la web. As\u00ed como dar respuesta a las consultas recibidas, interactuactuando con aquellas personas interesadas en alguno de sus contenidos y que deseen contactar con la RESPONSABLE.<\/p>\n\n\n\n<p>Las operaciones previstas para realizar el tratamiento son:<\/p>\n\n\n\n<p>a)&nbsp;&nbsp;&nbsp;Tramitar encargos, solicitudes o pago por nuestros servicios y dar respuesta a las consultas o peticiones que sean realizadas por cualquier USUARIO a trav\u00e9s de las diferentes formas de contacto que se ponen a su disposici\u00f3n en la p\u00e1gina web del&nbsp;RESPONSABLE.<\/p>\n\n\n\n<p>b)&nbsp;&nbsp;&nbsp;Realizar comunicaciones comerciales o publicitarias a trav\u00e9s de: e-mail, fax, SMS, MMS, redes sociales o cualquier otro medio electr\u00f3nico o f\u00edsico, presente o futuro, que posibilite realizar comunicaciones comerciales.<\/p>\n\n\n\n<p>c)&nbsp;&nbsp;&nbsp;&nbsp;Realizar estudios de mercado y an\u00e1lisis estad\u00edsticos.<\/p>\n\n\n\n<p>d)&nbsp;&nbsp;&nbsp;Remitir boletines o comunicaciones informativas online, sobre novedades, ofertas y promociones en nuestra actividad<strong>.<\/strong><\/p>\n\n\n\n<p><strong>LEGITIMACI\u00d3N:<\/strong><\/p>\n\n\n\n<p><strong>La base de legitimaci\u00f3n que permite al RESPONSABLE, tratar sus datos de car\u00e1cter personal<\/strong><strong>,<\/strong>&nbsp;de acuerdo al cumplimiento de los expuesto en el art\u00edculo 6.1 del GDPR, est\u00e1n ligadas a los diferentes usos que realiza a trav\u00e9s de su p\u00e1gina web, de la siguiente forma:<\/p>\n\n\n\n<p>PRESTACI\u00d3N DE SERVICIOS:<\/p>\n\n\n\n<p>Para poder trasladar prestar servicios al USUARIO, le ser\u00e1 requerida informaci\u00f3n que ser\u00e1 tratada por la RESPONSABLE, bajo el amparo de lo regulado en el art\u00edculo 6.1,b), del GDPR;&nbsp;y con el consentimiento del USUARIO, bajo el amparo de lo regulado en el art\u00edculo 6.1,a); para cumplir con obligaciones legales conferidas a la RESPONSABLE, esta tratar\u00e1 sus datos bajo el amparo de lo regulado en el art\u00edculo 6.1,c); para la remisi\u00f3n de comunicaciones comerciales o suscripci\u00f3n a boletines informativos y por inter\u00e9s leg\u00edtimo del RESPONSABLE, tratar\u00e1 sus datos bajo el amparo del art\u00edculo 6.1,f, realizando estudios de mercado, an\u00e1lisis estad\u00edsticos, etc. y tramitar encargos, solicitudes, etc.<\/p>\n\n\n\n<p>TESTIMONIOS:<\/p>\n\n\n\n<p>Este recurso utilizado por el RESPONSABLE para fines de calidad, ofreciendo una garant\u00eda adecuada a los usuarios a trav\u00e9s de los testimonios de personas que han desarrollado alguna o algunas de las actividades ofertadas por el mismo, adem\u00e1s de servir a fines publicitarios, se desarrolla mediante el tratamiento de datos bajo el amparo de la base de legitimaci\u00f3n regulada en el art\u00edculo 6.1,f) por un inter\u00e9s leg\u00edtimo del RESPONSABLE, acompa\u00f1ado por el consentimiento del titular, cumpliendo con lo regulado en el 6.1,a) del GDPR.<\/p>\n\n\n\n<p>Todos los tratamientos de datos ser\u00e1n realizados bajo el amparo de las diferentes bases de legitimaci\u00f3n enunciadas en cada apartado y aplicando los siguientes principios:<\/p>\n\n\n\n<p>\u00b7&nbsp;&nbsp;&nbsp;&nbsp;&nbsp;&nbsp;&nbsp;&nbsp;Licitud.<\/p>\n\n\n\n<p>\u00b7&nbsp;&nbsp;&nbsp;&nbsp;&nbsp;&nbsp;&nbsp;&nbsp;Limitaci\u00f3n de finalidad.<\/p>\n\n\n\n<p>\u00b7&nbsp;&nbsp;&nbsp;&nbsp;&nbsp;&nbsp;&nbsp;&nbsp;Minimizaci\u00f3n.<\/p>\n\n\n\n<p>\u00b7&nbsp;&nbsp;&nbsp;&nbsp;&nbsp;&nbsp;&nbsp;&nbsp;Exactitud.<\/p>\n\n\n\n<p>\u00b7&nbsp;&nbsp;&nbsp;&nbsp;&nbsp;&nbsp;&nbsp;&nbsp;Limitaci\u00f3n del plazo de conservaci\u00f3n.<\/p>\n\n\n\n<p>\u00b7&nbsp;&nbsp;&nbsp;&nbsp;&nbsp;&nbsp;&nbsp;&nbsp;Garantizando la integridad y confidencialidad.<\/p>\n\n\n\n<p><strong>PLAZOS DE CONSERVACI\u00d3N<\/strong><\/p>\n\n\n\n<p><strong>AURA CONSULTING, adquiere el compromiso de respetar los plazos de conservaci\u00f3n y estos s<\/strong>e conservar\u00e1n durante no m\u00e1s tiempo del necesario para mantener el fin del tratamiento o existan prescripciones legales que dictaminen su custodia y cuando ya no sea necesario para ello, se suprimir\u00e1n con medidas de seguridad adecuadas para garantizar la anonimizaci\u00f3n de los datos o la destrucci\u00f3n total de los mismos. En todo caso los datos de las transacciones comerciales, se guardar\u00e1n durante el tiempo que duren las mismas o para cumplir los requisitos legales exigidos por la regulaci\u00f3n fiscal y los datos de las personas que realicen exclusivamente una visita a la web, o soliciten informaci\u00f3n sin formalizar ninguna relaci\u00f3n contractual o precontractual y no consientan el tratamiento de sus datos de manera expl\u00edcita, se borrar\u00e1n sus datos de los archivos, permaneciendo \u00fanicamente aquellos que por raz\u00f3n del proveedor de servicios, obliguen a su guardado como el de contabilizar su visita.<\/p>\n\n\n\n<p><strong>CESIONES DE DATOS:<\/strong><\/p>\n\n\n\n<p><strong>AURA CONSULTING,&nbsp;<\/strong>no prev\u00e9 ninguna comunicaci\u00f3n de datos personales a terceros salvo, si fuese necesario para el desarrollo y ejecuci\u00f3n de las finalidades del tratamiento, a nuestros proveedores de servicios relacionados con comunicaciones, con los cuales el&nbsp;RESPONSABLE&nbsp;tiene suscritos los contratos de confidencialidad y de encargado de tratamiento exigidos por la normativa vigente de privacidad.<\/p>\n\n\n\n<p><strong>DERECHOS:<\/strong><\/p>\n\n\n\n<p><strong>AURA CONSULTING<\/strong>, le informa de los derechos que asisten al USUARIO, siendo los siguientes:<\/p>\n\n\n\n<p>Derecho a retirar el consentimiento en cualquier momento.Derecho de acceso, rectificaci\u00f3n, portabilidad y supresi\u00f3n de sus datos, y de limitaci\u00f3n u oposici\u00f3n a su tratamiento.Derecho a que sus datos no sean tratados de forma automatizada.Derecho a presentar una reclamaci\u00f3n ante la autoridad de control (www.aepd.es) si considera que el tratamiento no se ajusta a la normativa vigente.<strong>Datos de contacto para ejercer sus derechos<\/strong>:<\/p>\n\n\n\n<p>Aura Consulting, Boull\u00f3n n\u00ba 10; 36954 Moa\u00f1a (Pontevedra).<\/p>\n\n\n\n<p>E-mail:&nbsp;jenniferlopezcostas@hotmail.com<\/p>\n\n\n\n<p><strong>Datos de contacto del delegado de protecci\u00f3n de datos:<\/strong><\/p>\n\n\n\n<p><strong>AURA CONSULTING<\/strong>&nbsp;, ha externalizado este servicio contratando para estas funciones a la entidad EritiaPrivacidad S.L., NORIA 2, 36940 \u2013 Cangas (Pontevedra).<\/p>\n\n\n\n<p>mail:&nbsp;<a href=\"mailto:dpo@eritiaprivacidad.com\">dpo@eritiaprivacidad.com<\/a><\/p>\n\n\n\n<p>tel\u00e9fono: 620646069<\/p>\n\n\n\n<p><strong>CAR\u00c1CTER OBLIGATORIO O FACULTATIVO DE LA INFORMACI\u00d3N FACILITADA POR EL USUARIO:<\/strong><\/p>\n\n\n\n<p>Los USUARIOS, mediante la marcaci\u00f3n de las casillas correspondientes y la entrada de datos en los campos, marcados con un asterisco (*) en el formulario de contacto o presentados en formularios de descarga, aceptan expresamente y de forma libre e inequ\u00edvoca, que sus datos son necesarios para atender su petici\u00f3n, por parte del prestador, siendo voluntaria la inclusi\u00f3n de datos en los campos restantes. El USUARIO garantiza que los datos personales facilitados al RESPONSABLE son veraces y se hace responsable de comunicar cualquier modificaci\u00f3n de los mismos.<\/p>\n\n\n\n<p>El RESPONSABLE informa de que todos los datos solicitados a trav\u00e9s del sitio web son obligatorios, ya que son necesarios para la prestaci\u00f3n de un servicio \u00f3ptimo al USUARIO. En caso de que no se faciliten todos los datos, no se garantiza que la informaci\u00f3n y servicios facilitados sean completamente ajustados a sus necesidades.<\/p>\n\n\n\n<p><strong>MEDIDAS DE SEGURIDAD:<\/strong><\/p>\n\n\n\n<p>De conformidad con lo dispuesto en las normativas vigentes en protecci\u00f3n de datos personales, Aura Consulting, est\u00e1 cumpliendo con todas las disposiciones de las normativas GDPR y LOPDGDD para el tratamiento de los datos personales de su responsabilidad, y manifiestamente con los principios descritos en el art\u00edculo 5 del GDPR, por los cuales son tratados de manera l\u00edcita, leal y transparente en relaci\u00f3n con el interesado y adecuados, pertinentes y limitados a lo necesario en relaci\u00f3n con los fines para los que son tratados.<\/p>\n\n\n\n<p>Aura Consulting, garantiza que ha implementado pol\u00edticas t\u00e9cnicas y organizativas apropiadas para aplicar las medidas de seguridad que establecen el GDPR y la LOPDGDD con el fin de proteger los derechos y libertades de los USUARIOS y les ha comunicado la informaci\u00f3n adecuada para que puedan ejercerlos.<\/p>\n\n\n\n<p>Para m\u00e1s informaci\u00f3n sobre las garant\u00edas de privacidad, puedes dirigirte al RESPONSABLE o a la entidad contratada para cumplir con las funciones de delegado de protecci\u00f3n de datos, a trav\u00e9s de la direcci\u00f3n: Aura Consulting, Boull\u00f3n n\u00ba 10; 36954 Moa\u00f1a (Pontevedra).<\/p>\n\n\n\n<p>E-mail:&nbsp;jenniferlopezcostas@hotmail.com<\/p>\n\n\n\n<p>&nbsp;<strong>Datos de contacto del delegado de protecci\u00f3n de datos:<\/strong>&nbsp;EritiaPrivacidad S.L., NORIA 2, 36940 Cangas(Pontevedra) &#8211;&nbsp;<a href=\"mailto:dpo@eritiaprivacidad.com\">dpo@eritiaprivacidad.com<\/a><\/p>\n\n\n\n<p><strong>TRANSFERENCIAS INTERNACIONALES:<\/strong><\/p>\n\n\n\n<p><strong>&nbsp;AURA CONSULTING,&nbsp;<\/strong>no prev\u00e9 ninguna transferencia internacional de datos personales de los USUARIOS, si bien ha contratado servicios de mantenimiento y aplicaciones de seguridad de sus servicios web, que realizan conexiones a trav\u00e9s de servidores situados en la uni\u00f3n europea, desde el exterior. Para la adaptaci\u00f3n de estos tratamientos de datos, se han establecido como medidas de seguridad adicionales, la suscripci\u00f3n de contratos con cl\u00e1usulas contractuales tipo, establecidas por las normas de la Uni\u00f3n Europea que garanticen el cumplimiento de la regulaci\u00f3n vigente con las medidas t\u00e9cnicas y organizativas adecuadas y la decisi\u00f3n de adecuaci\u00f3n (2003\/490\/CE), de la Comisi\u00f3n Europea a los tratamientos de datos entre pa\u00edses que ofrezcan la seguridad adecuada.<\/p>\n\n\n\n<p><strong>DATOS DE MENORES DE EDAD O PERSONAS CON CAPACIDADES ESPECIALES:<\/strong><\/p>\n\n\n\n<p>El acceso y registro a trav\u00e9s de las redes sociales del RESPONSABLE&nbsp;est\u00e1 prohibido a menores de&nbsp;14 a\u00f1os. Por su parte, si el USUARIO tiene capacidades especiales, ser\u00e1 necesaria la intervenci\u00f3n del titular de su patria potestad o tutela, o de su representante legal mediante documento v\u00e1lido que acredite la representaci\u00f3n.<\/p>\n\n\n\n<p><strong>AURA CONSULTING,<\/strong>&nbsp;quedar\u00e1 expresamente exonerada&nbsp;de cualquier responsabilidad que pudiera derivarse del uso de las redes sociales por parte de menores o personas con capacidades especiales. Las redes sociales del RESPONSABLE no recogen conscientemente ninguna informaci\u00f3n personal de menores de edad, por ello, si el USUARIO es menor de edad, no debe registrarse, ni utilizar las redes sociales del RESPONSABLE<strong>&nbsp;<\/strong>ni tampoco proporcionar ninguna informaci\u00f3n personal.<\/p>\n\n\n\n<p>Fecha de revisi\u00f3n: 01 de abril de 2025.<\/p>\n\n\n\n<p><\/p>\n<\/div><\/div>\n","protected":false},"excerpt":{"rendered":"<p>En aplicaci\u00f3n de las obligaciones que se definen en la legislaci\u00f3n vigente, sobre los servicios de la sociedad de la informaci\u00f3n y comercio electr\u00f3nico, as\u00ed como la normativa sobre Protecci\u00f3n de datos de car\u00e1cter personal. Le informamos que los propietarios &#8230; <a title=\"Pol\u00edtica de privacidad\" class=\"read-more\" href=\"https:\/\/tarotmar.es\/index.php\/politica-de-privacidad\/\" aria-label=\"Leer m\u00e1s sobre Pol\u00edtica de privacidad\">Read More<\/a><\/p>\n","protected":false},"author":1,"featured_media":0,"parent":0,"menu_order":0,"comment_status":"closed","ping_status":"closed","template":"","meta":{"footnotes":""},"class_list":["post-594","page","type-page","status-publish"],"_links":{"self":[{"href":"https:\/\/tarotmar.es\/index.php\/wp-json\/wp\/v2\/pages\/594","targetHints":{"allow":["GET"]}}],"collection":[{"href":"https:\/\/tarotmar.es\/index.php\/wp-json\/wp\/v2\/pages"}],"about":[{"href":"https:\/\/tarotmar.es\/index.php\/wp-json\/wp\/v2\/types\/page"}],"author":[{"embeddable":true,"href":"https:\/\/tarotmar.es\/index.php\/wp-json\/wp\/v2\/users\/1"}],"replies":[{"embeddable":true,"href":"https:\/\/tarotmar.es\/index.php\/wp-json\/wp\/v2\/comments?post=594"}],"version-history":[{"count":5,"href":"https:\/\/tarotmar.es\/index.php\/wp-json\/wp\/v2\/pages\/594\/revisions"}],"predecessor-version":[{"id":671,"href":"https:\/\/tarotmar.es\/index.php\/wp-json\/wp\/v2\/pages\/594\/revisions\/671"}],"wp:attachment":[{"href":"https:\/\/tarotmar.es\/index.php\/wp-json\/wp\/v2\/media?parent=594"}],"curies":[{"name":"wp","href":"https:\/\/api.w.org\/{rel}","templated":true}]}}