{"id":2086,"date":"2020-02-27T17:08:08","date_gmt":"2020-02-27T22:08:08","guid":{"rendered":"https:\/\/sites.generatepress.com\/vinyasa\/?page_id=2086"},"modified":"2026-04-12T10:28:03","modified_gmt":"2026-04-12T10:28:03","slug":"contacto","status":"publish","type":"page","link":"https:\/\/tarotmar.es\/index.php\/contacto\/","title":{"rendered":"Contacto"},"content":{"rendered":"<div style=\"max-width:1100px;margin:60px auto;padding:0 20px;\">\n<p>  <!-- CABECERA --><\/p>\n<div style=\"text-align:center;max-width:800px;margin:0 auto 50px;\">\n<div style=\"\n      font-size:12px;\n      letter-spacing:2.5px;\n      text-transform:uppercase;\n      color:#9a7aac;\n      margin-bottom:15px;\n      font-weight:600;\n    \"><br \/>\n      Contacto y consultas\n    <\/div>\n<h1 style=\"\n      font-size:40px;\n      line-height:1.2;\n      color:#2f2436;\n      margin:0 0 18px;\n      font-weight:600;\n    \"><br \/>\n      Estoy aqu\u00ed para ayudarte<br \/>\n    <\/h1>\n<p style=\"\n      font-size:17px;\n      line-height:1.9;\n      color:#4d4056;\n      margin:0;\n    \"><br \/>\n      Puedes escribirme con total confianza a trav\u00e9s del formulario. Cada consulta es privada, personalizada y enfocada en darte respuestas claras. Si lo prefieres, tambi\u00e9n puedes contactar directamente por tel\u00e9fono.\n    <\/p>\n<\/p><\/div>\n<p>  <!-- FORMULARIO --><\/p>\n<div style=\"\n    background:linear-gradient(180deg,#fbf8fc 0%, #f6f0f8 100%);\n    border:1px solid #e9deee;\n    border-radius:28px;\n    padding:40px 30px;\n    box-shadow:0 12px 30px rgba(150,120,170,0.08);\n    margin-bottom:40px;\n  \"><\/p>\n<div style=\"max-width:760px;margin:0 auto;\">\n      <style id=\"wpforms-css-vars-5058\">\n\t\t\t\t#wpforms-5058 {\n\t\t\t\t--wpforms-field-size-input-height: 43px;\n--wpforms-field-size-input-spacing: 15px;\n--wpforms-field-size-font-size: 16px;\n--wpforms-field-size-line-height: 19px;\n--wpforms-field-size-padding-h: 14px;\n--wpforms-field-size-checkbox-size: 16px;\n--wpforms-field-size-sublabel-spacing: 5px;\n--wpforms-field-size-icon-size: 1;\n--wpforms-label-size-font-size: 16px;\n--wpforms-label-size-line-height: 19px;\n--wpforms-label-size-sublabel-font-size: 14px;\n--wpforms-label-size-sublabel-line-height: 17px;\n--wpforms-button-size-font-size: 17px;\n--wpforms-button-size-height: 41px;\n--wpforms-button-size-padding-h: 15px;\n--wpforms-button-size-margin-top: 10px;\n--wpforms-container-shadow-size-box-shadow: none;\n\n\t\t\t}\n\t\t\t<\/style><div class=\"wpforms-container wpforms-container-full wpforms-render-modern\" id=\"wpforms-5058\"><form id=\"wpforms-form-5058\" class=\"wpforms-validate wpforms-form wpforms-ajax-form\" data-formid=\"5058\" method=\"post\" enctype=\"multipart\/form-data\" action=\"\/index.php\/wp-json\/wp\/v2\/pages\/2086\" data-token=\"ea62597fbc387b5aee5a05697febb347\" data-token-time=\"1776141594\"><noscript class=\"wpforms-error-noscript\">Por favor, activa JavaScript en tu navegador para completar este formulario.<\/noscript><div id=\"wpforms-error-noscript\" style=\"display: none;\">Por favor, activa JavaScript en tu navegador para completar este formulario.<\/div><div class=\"wpforms-field-container\"><div id=\"wpforms-5058-field_1-container\" class=\"wpforms-field wpforms-field-name\" data-field-id=\"1\"><fieldset><legend class=\"wpforms-field-label\">Nombre <span class=\"wpforms-required-label\" aria-hidden=\"true\">*<\/span><\/legend><div class=\"wpforms-field-row wpforms-field-medium\"><div class=\"wpforms-field-row-block wpforms-first wpforms-one-half\"><input type=\"text\" id=\"wpforms-5058-field_1\" class=\"wpforms-field-name-first wpforms-field-required\" name=\"wpforms[fields][1][first]\" aria-errormessage=\"wpforms-5058-field_1-error\" required><label for=\"wpforms-5058-field_1\" class=\"wpforms-field-sublabel after\">Nombre<\/label><\/div><div class=\"wpforms-field-row-block wpforms-one-half\"><input type=\"text\" id=\"wpforms-5058-field_1-last\" class=\"wpforms-field-name-last wpforms-field-required\" name=\"wpforms[fields][1][last]\" aria-errormessage=\"wpforms-5058-field_1-last-error\" required><label for=\"wpforms-5058-field_1-last\" class=\"wpforms-field-sublabel after\">Apellidos<\/label><\/div><\/div><\/fieldset><\/div>\t\t<div id=\"wpforms-5058-field_6-container\"\n\t\t\tclass=\"wpforms-field wpforms-field-text\"\n\t\t\tdata-field-type=\"text\"\n\t\t\tdata-field-id=\"6\"\n\t\t\t>\n\t\t\t<label class=\"wpforms-field-label\" for=\"wpforms-5058-field_6\" >Correo Condiciones o<\/label>\n\t\t\t<input type=\"text\" id=\"wpforms-5058-field_6\" class=\"wpforms-field-medium\" name=\"wpforms[fields][6]\" >\n\t\t<\/div>\n\t\t<div id=\"wpforms-5058-field_2-container\" class=\"wpforms-field wpforms-field-email\" data-field-id=\"2\"><label class=\"wpforms-field-label\" for=\"wpforms-5058-field_2\">Correo electr\u00f3nico <span class=\"wpforms-required-label\" aria-hidden=\"true\">*<\/span><\/label><input type=\"email\" id=\"wpforms-5058-field_2\" class=\"wpforms-field-medium wpforms-field-required\" name=\"wpforms[fields][2]\" spellcheck=\"false\" aria-errormessage=\"wpforms-5058-field_2-error\" required><\/div><div id=\"wpforms-5058-field_4-container\" class=\"wpforms-field wpforms-field-phone\" data-field-id=\"4\"><label class=\"wpforms-field-label\" for=\"wpforms-5058-field_4\">Tel\u00e9fono<\/label><input type=\"tel\" id=\"wpforms-5058-field_4\" class=\"wpforms-field-medium wpforms-smart-phone-field\" data-rule-smart-phone-field=\"true\" name=\"wpforms[fields][4]\" aria-label=\"Tel\u00e9fono\" aria-errormessage=\"wpforms-5058-field_4-error\" ><\/div><div id=\"wpforms-5058-field_3-container\" class=\"wpforms-field wpforms-field-textarea\" data-field-id=\"3\"><label class=\"wpforms-field-label\" for=\"wpforms-5058-field_3\">Comentario o mensaje<\/label><textarea id=\"wpforms-5058-field_3\" class=\"wpforms-field-medium\" name=\"wpforms[fields][3]\" aria-errormessage=\"wpforms-5058-field_3-error\" ><\/textarea><\/div><div id=\"wpforms-5058-field_5-container\" class=\"wpforms-field wpforms-field-checkbox\" data-field-id=\"5\"><fieldset><legend class=\"wpforms-field-label\">T\u00e9rminos y Condiciones <span class=\"wpforms-required-label\" aria-hidden=\"true\">*<\/span><\/legend><ul id=\"wpforms-5058-field_5\" class=\"wpforms-field-required\"><li class=\"choice-1 depth-1\"><input type=\"checkbox\" id=\"wpforms-5058-field_5_1\" name=\"wpforms[fields][5][]\" value=\"He leido y acepto la pol\u00edtica de privacidad y aviso legal.\" aria-errormessage=\"wpforms-5058-field_5_1-error\" required ><label class=\"wpforms-field-label-inline\" for=\"wpforms-5058-field_5_1\">He leido y acepto la pol\u00edtica de privacidad y aviso legal.<\/label><\/li><\/ul><\/fieldset><\/div><script>\n\t\t\t\t( function() {\n\t\t\t\t\tconst style = document.createElement( 'style' );\n\t\t\t\t\tstyle.appendChild( document.createTextNode( '#wpforms-5058-field_6-container { position: absolute !important; overflow: hidden !important; display: inline !important; height: 1px !important; width: 1px !important; z-index: -1000 !important; padding: 0 !important; } #wpforms-5058-field_6-container input { visibility: hidden; } #wpforms-conversational-form-page #wpforms-5058-field_6-container label { counter-increment: none; }' ) );\n\t\t\t\t\tdocument.head.appendChild( style );\n\t\t\t\t\tdocument.currentScript?.remove();\n\t\t\t\t} )();\n\t\t\t<\/script><\/div><!-- .wpforms-field-container --><div class=\"wpforms-submit-container\" ><input type=\"hidden\" name=\"wpforms[id]\" value=\"5058\"><input type=\"hidden\" name=\"page_title\" value=\"\"><input type=\"hidden\" name=\"page_url\" value=\"https:\/\/tarotmar.es\/index.php\/wp-json\/wp\/v2\/pages\/2086\"><input type=\"hidden\" name=\"url_referer\" value=\"\"><button type=\"submit\" name=\"wpforms[submit]\" id=\"wpforms-submit-5058\" class=\"wpforms-submit\" data-alt-text=\"Enviando...\" data-submit-text=\"Enviar\" aria-live=\"assertive\" value=\"wpforms-submit\">Enviar<\/button><img loading=\"lazy\" decoding=\"async\" src=\"https:\/\/tarotmar.es\/wp-content\/plugins\/wpforms\/assets\/images\/submit-spin.svg\" class=\"wpforms-submit-spinner\" style=\"display: none;\" width=\"26\" height=\"26\" alt=\"Cargando\"><\/div><\/form><\/div>  <!-- .wpforms-container -->\n    <\/div>\n<\/p><\/div>\n<p>  <!-- TEXTO FINAL --><\/p>\n<div style=\"text-align:center;max-width:750px;margin:0 auto 30px;\">\n<p style=\"\n      font-size:16px;\n      line-height:1.9;\n      color:#4d4056;\n      margin:0;\n    \"><br \/>\n      Si necesitas una respuesta inmediata, puedes realizar tu consulta directamente por tel\u00e9fono. Estoy aqu\u00ed para orientarte con claridad, cercan\u00eda y total discreci\u00f3n.\n    <\/p>\n<\/p><\/div>\n<p>  <!-- BOTONES PERFECTAMENTE ALINEADOS --><\/p>\n<div style=\"max-width:700px;margin:30px auto;\">\n<div style=\"\n      display:grid;\n      grid-template-columns:1fr 1fr;\n      gap:18px;\n      align-items:stretch;\n    \"><\/p>\n<p>      <!-- BOT\u00d3N 1 --><br \/>\n      <a href=\"tel:961040177\" style=\"text-decoration:none;\"><\/p>\n<div style=\"\n          height:100%;\n          background:#b596c6;\n          border:1px solid #a786bb;\n          border-radius:16px;\n          padding:18px 15px;\n          box-shadow:0 6px 14px rgba(108,78,128,.14);\n          text-align:center;\n        \"><\/p>\n<div style=\"\n            display:flex;\n            justify-content:center;\n            align-items:center;\n            gap:8px;\n            margin-bottom:6px;\n          \"><br \/>\n            <span style=\"\n              background:#fff;\n              color:#3256a6;\n              border-radius:4px;\n              font-size:10px;\n              font-weight:700;\n              padding:4px 6px;\n            \">VISA<\/span><\/p>\n<p>            <span style=\"\n              color:#fff;\n              font-size:24px;\n              font-weight:700;\n              letter-spacing:1px;\n            \"><br \/>\n              961040177<br \/>\n            <\/span>\n          <\/div>\n<div style=\"\n            color:rgba(255,255,255,.9);\n            font-size:10px;\n            letter-spacing:.6px;\n            text-transform:uppercase;\n          \"><br \/>\n            *Para mayores de 18 a\u00f1os\n          <\/div>\n<\/p><\/div>\n<p>      <\/a><br \/>\n      <!-- BOT\u00d3N 2 --><br \/>\n      <a href=\"tel:806533970\" style=\"text-decoration:none;\"><\/p>\n<div style=\"\n          height:100%;\n          background:#c4a7d1;\n          border:1px solid #ad8abf;\n          border-radius:16px;\n          padding:18px 15px;\n          box-shadow:0 6px 14px rgba(108,78,128,.12);\n          text-align:center;\n        \"><\/p>\n<div style=\"\n            display:flex;\n            justify-content:center;\n            align-items:center;\n            gap:6px;\n            margin-bottom:6px;\n          \"><br \/>\n            <span style=\"color:#fff;font-size:16px;\">\u2706<\/span><\/p>\n<p>            <span style=\"\n              color:#fff;\n              font-size:24px;\n              font-weight:700;\n              letter-spacing:1px;\n            \"><br \/>\n              806533970<br \/>\n            <\/span>\n          <\/div>\n<div style=\"\n            color:rgba(255,255,255,.9);\n            font-size:10px;\n            letter-spacing:.6px;\n            text-transform:uppercase;\n          \"><br \/>\n            * Mayores de 18 a\u00f1os | Precio 1,21\u20ac\/min fijo 1,57\u20ac\/min m\u00f3vil\n          <\/div>\n<\/p><\/div>\n<p>      <\/a><\/p><\/div>\n<\/p><\/div>\n<\/div>\n","protected":false},"excerpt":{"rendered":"<p>Contacto y consultas Estoy aqu\u00ed para ayudarte Puedes escribirme con total confianza a trav\u00e9s del formulario. Cada consulta es privada, personalizada y enfocada en darte respuestas claras. Si lo prefieres, tambi\u00e9n puedes contactar directamente por tel\u00e9fono. Si necesitas una respuesta &#8230; <a title=\"Contacto\" class=\"read-more\" href=\"https:\/\/tarotmar.es\/index.php\/contacto\/\" aria-label=\"Leer m\u00e1s sobre Contacto\">Read More<\/a><\/p>\n","protected":false},"author":1,"featured_media":0,"parent":0,"menu_order":0,"comment_status":"closed","ping_status":"closed","template":"","meta":{"footnotes":""},"class_list":["post-2086","page","type-page","status-publish"],"_links":{"self":[{"href":"https:\/\/tarotmar.es\/index.php\/wp-json\/wp\/v2\/pages\/2086","targetHints":{"allow":["GET"]}}],"collection":[{"href":"https:\/\/tarotmar.es\/index.php\/wp-json\/wp\/v2\/pages"}],"about":[{"href":"https:\/\/tarotmar.es\/index.php\/wp-json\/wp\/v2\/types\/page"}],"author":[{"embeddable":true,"href":"https:\/\/tarotmar.es\/index.php\/wp-json\/wp\/v2\/users\/1"}],"replies":[{"embeddable":true,"href":"https:\/\/tarotmar.es\/index.php\/wp-json\/wp\/v2\/comments?post=2086"}],"version-history":[{"count":3,"href":"https:\/\/tarotmar.es\/index.php\/wp-json\/wp\/v2\/pages\/2086\/revisions"}],"predecessor-version":[{"id":5073,"href":"https:\/\/tarotmar.es\/index.php\/wp-json\/wp\/v2\/pages\/2086\/revisions\/5073"}],"wp:attachment":[{"href":"https:\/\/tarotmar.es\/index.php\/wp-json\/wp\/v2\/media?parent=2086"}],"curies":[{"name":"wp","href":"https:\/\/api.w.org\/{rel}","templated":true}]}}